{"id":13,"date":"2025-11-29T12:12:16","date_gmt":"2025-11-29T11:12:16","guid":{"rendered":"https:\/\/daten-weitblick.at\/?page_id=13"},"modified":"2026-01-22T16:38:14","modified_gmt":"2026-01-22T15:38:14","slug":"home","status":"publish","type":"page","link":"https:\/\/daten-weitblick.at\/","title":{"rendered":"Home"},"content":{"rendered":"\n<div class=\"wp-block-cover alignfull\" style=\"min-height:720px;aspect-ratio:unset;\"><span aria-hidden=\"true\" class=\"wp-block-cover__background has-background-dim-100 has-background-dim has-background-gradient has-midnight-gradient-background\"><\/span><div class=\"wp-block-cover__inner-container is-layout-flow wp-block-cover-is-layout-flow\">\n<div class=\"inherit-container-width wp-block-group alignwide is-layout-constrained wp-block-group-is-layout-constrained\">\n<div class=\"wp-block-media-text alignwide has-media-on-the-right is-stacked-on-mobile is-vertically-aligned-center\" style=\"grid-template-columns:auto 44%\"><div class=\"wp-block-media-text__content\">\n<h2 class=\"wp-block-heading has-text-align-left has-white-color has-text-color\">Daten, die Antworten geben.<\/h2>\n\n\n\n<p class=\"has-white-color has-text-color\"><strong>Wir verwandeln Ihre Daten in klare Entscheidungen.<\/strong><br>Aussagekr\u00e4ftige Analysen &amp; Dashboards f\u00fcr Ihr Unternehmen.<\/p>\n\n\n\n<p><strong>Interaktive Dashboards &#8211; Ihre Daten verlassen niemals Ihr Unternehmen<\/strong><br>keine Cloud &#8211; kein externer Server &#8211; kein Anbieter-Zugriff &#8211; kein Drittland Risiko<\/p>\n\n\n\n<div class=\"wp-block-buttons is-layout-flex wp-block-buttons-is-layout-flex\">\n<div class=\"wp-block-button\"><a class=\"wp-block-button__link wp-element-button\" href=\"https:\/\/daten-weitblick.at\/index.php\/kontakt\/\">Kontakt<\/a><\/div>\n<\/div>\n<\/div><figure class=\"wp-block-media-text__media\"><img loading=\"lazy\" decoding=\"async\" width=\"1024\" height=\"683\" src=\"https:\/\/daten-weitblick.at\/wp-content\/uploads\/2025\/11\/ChatGPT-Image-30.-Nov.-2025-10_31_59-1-1024x683.png\" alt=\"\" class=\"wp-image-56 size-full\" srcset=\"https:\/\/daten-weitblick.at\/wp-content\/uploads\/2025\/11\/ChatGPT-Image-30.-Nov.-2025-10_31_59-1-1024x683.png 1024w, https:\/\/daten-weitblick.at\/wp-content\/uploads\/2025\/11\/ChatGPT-Image-30.-Nov.-2025-10_31_59-1-300x200.png 300w, https:\/\/daten-weitblick.at\/wp-content\/uploads\/2025\/11\/ChatGPT-Image-30.-Nov.-2025-10_31_59-1-768x512.png 768w, https:\/\/daten-weitblick.at\/wp-content\/uploads\/2025\/11\/ChatGPT-Image-30.-Nov.-2025-10_31_59-1.png 1536w\" sizes=\"auto, (max-width: 1024px) 100vw, 1024px\" \/><\/figure><\/div>\n<\/div>\n<\/div><\/div>\n\n\n\n<div class=\"wp-block-group alignfull has-ast-global-color-5-background-color has-background is-layout-constrained wp-container-core-group-is-layout-7087ff16 wp-block-group-is-layout-constrained\" style=\"padding-bottom:0px\">\n<div class=\"wp-block-columns are-vertically-aligned-top is-layout-flex wp-container-core-columns-is-layout-00723822 wp-block-columns-is-layout-flex\">\n<div class=\"wp-block-column is-vertically-aligned-top is-layout-flow wp-container-core-column-is-layout-6b73ce23 wp-block-column-is-layout-flow\">\n<figure class=\"wp-block-image size-full is-resized\"><img loading=\"lazy\" decoding=\"async\" width=\"240\" height=\"240\" src=\"https:\/\/daten-weitblick.at\/wp-content\/uploads\/2025\/11\/icon_analyse.png\" alt=\"\" class=\"wp-image-42\" style=\"width:209px;height:auto\" srcset=\"https:\/\/daten-weitblick.at\/wp-content\/uploads\/2025\/11\/icon_analyse.png 240w, https:\/\/daten-weitblick.at\/wp-content\/uploads\/2025\/11\/icon_analyse-150x150.png 150w\" sizes=\"auto, (max-width: 240px) 100vw, 240px\" \/><\/figure>\n\n\n\n<h3 class=\"wp-block-heading has-text-align-left\" style=\"margin-top:16px\">Analyse &amp; Insights<\/h3>\n\n\n\n<p class=\"has-text-align-left\">Wir verwandeln Ihre vorhandenen Daten in klare, fundierte Erkenntnisse. Durch strukturierte Datenaufbereitung, moderne Analysemethoden und pr\u00e4zise Auswertungen identifizieren wir Muster, Trends und Potenziale, die in Ihrem gesch\u00e4ftlichen Alltag oft verborgen bleiben.<br><br>Ob Umsatzentwicklung, Prozessoptimierung, Kundensegmente oder betriebliche Auslastung &#8211; wir liefern verst\u00e4ndliche Fakten statt Vermutungen. Die Ergebnisse erhalten Sie als \u00fcbersichtlichen Report, der Ihnen hilft, bessere und schnellere Entscheidungen zu treffen.<br><\/p>\n<\/div>\n\n\n\n<div class=\"wp-block-column is-vertically-aligned-top is-layout-flow wp-container-core-column-is-layout-6b73ce23 wp-block-column-is-layout-flow\">\n<figure class=\"wp-block-image size-full is-resized\"><img loading=\"lazy\" decoding=\"async\" width=\"240\" height=\"240\" src=\"https:\/\/daten-weitblick.at\/wp-content\/uploads\/2025\/11\/icon_dashboard.png\" alt=\"\" class=\"wp-image-43\" style=\"width:207px;height:auto\" srcset=\"https:\/\/daten-weitblick.at\/wp-content\/uploads\/2025\/11\/icon_dashboard.png 240w, https:\/\/daten-weitblick.at\/wp-content\/uploads\/2025\/11\/icon_dashboard-150x150.png 150w\" sizes=\"auto, (max-width: 240px) 100vw, 240px\" \/><\/figure>\n\n\n\n<h3 class=\"wp-block-heading has-text-align-left\" style=\"margin-top:16px\">Interaktive Dashboards<\/h3>\n\n\n\n<p class=\"has-text-align-left\">Wir entwickeln ma\u00dfgeschneiderte Dashboards, die Ihre wichtigsten Kennzahlen klar, intuitiv und in Echtzeit sichtbar machen.<br>Mit interaktiven Filtern, Zeitbereichen und Vergleichsm\u00f6glichkeiten behalten Sie jederzeit die Kontrolle \u00fcber Ihre Daten &#8211; ohne technische H\u00fcrden und ohne externe Tools.<br><br>Die Dashboards k\u00f6nnen auf Wunsch lokal bei Ihnen laufen und lassen sich unkompliziert erweitern oder an neue Fragestellungen anpassen.<\/p>\n<\/div>\n<\/div>\n<\/div>\n\n\n\n<div class=\"wp-block-group alignfull has-midnight-gradient-background has-background is-layout-constrained wp-container-core-group-is-layout-94d206d0 wp-block-group-is-layout-constrained\" style=\"padding-top:143px;padding-bottom:144px\">\n<div class=\"wp-block-media-text has-media-on-the-right is-stacked-on-mobile is-vertically-aligned-center\" style=\"grid-template-columns:auto 46%\"><div class=\"wp-block-media-text__content\">\n<div class=\"inherit-container-width wp-block-group is-layout-constrained wp-container-core-group-is-layout-47ce07ec wp-block-group-is-layout-constrained\" style=\"padding-right:80px\">\n<h2 class=\"wp-block-heading\" style=\"padding-right:40px\">Ihr Mehrwert<\/h2>\n\n\n\n<ul class=\"wp-block-list\">\n<li>Datenbasierte Entscheidungen statt Bauchgef\u00fchl<\/li>\n\n\n\n<li>Klar erkennbare Chancen &amp; Schwachstellen<\/li>\n\n\n\n<li>Strukturierte, leicht verst\u00e4ndliche Ergebnisaufbereitung<\/li>\n<\/ul>\n\n\n\n<ul class=\"wp-block-list\">\n<li>Sofort verst\u00e4ndliche Visualisierungen komplexer Daten<\/li>\n\n\n\n<li>Selbst\u00e4ndige Analysen durch interaktive Elemente<\/li>\n\n\n\n<li>Individuell nach Ihren Anforderungen gebaut<\/li>\n\n\n\n<li>Ideal f\u00fcr kontinuierliche Unternehmenssteuerung<\/li>\n<\/ul>\n<\/div>\n<\/div><figure class=\"wp-block-media-text__media\"><img loading=\"lazy\" decoding=\"async\" width=\"1024\" height=\"682\" src=\"https:\/\/daten-weitblick.at\/wp-content\/uploads\/2025\/11\/computer-767776_1280-1024x682.jpg\" alt=\"\" class=\"wp-image-111 size-full\" srcset=\"https:\/\/daten-weitblick.at\/wp-content\/uploads\/2025\/11\/computer-767776_1280-1024x682.jpg 1024w, https:\/\/daten-weitblick.at\/wp-content\/uploads\/2025\/11\/computer-767776_1280-300x200.jpg 300w, https:\/\/daten-weitblick.at\/wp-content\/uploads\/2025\/11\/computer-767776_1280-768x512.jpg 768w, https:\/\/daten-weitblick.at\/wp-content\/uploads\/2025\/11\/computer-767776_1280.jpg 1280w\" sizes=\"auto, (max-width: 1024px) 100vw, 1024px\" \/><\/figure><\/div>\n<\/div>\n\n\n\n<div class=\"wp-block-group alignfull is-layout-constrained wp-container-core-group-is-layout-3fee123f wp-block-group-is-layout-constrained\" id=\"about\" style=\"padding-top:144px;padding-bottom:144px\">\n<h2 class=\"wp-block-heading\">Warum DatenWeitblick?<\/h2>\n\n\n\n<div class=\"wp-block-columns is-layout-flex wp-container-core-columns-is-layout-29aadeec wp-block-columns-is-layout-flex\" style=\"margin-top:60px\">\n<div class=\"wp-block-column is-layout-flow wp-container-core-column-is-layout-6b73ce23 wp-block-column-is-layout-flow\">\n<figure class=\"wp-block-image size-large\"><img decoding=\"async\" src=\"https:\/\/daten-weitblick.at\/wp-content\/themes\/astra\/inc\/assets\/images\/starter-content\/passionate.svg\" alt=\"\" class=\"wp-image-162\"\/><\/figure>\n\n\n\n<h3 class=\"wp-block-heading\" style=\"margin-top:16px\">Unkompliziert<\/h3>\n\n\n\n<p>Wir machen es Ihnen leicht: Von der Daten\u00fcbergabe bis zum finalen Ergebnis l\u00e4uft jeder Schritt klar, effizient und ohne Umwege ab. Ihre Anforderungen stehen im Mittelpunkt &#8211; wir liefern ma\u00dfgeschneiderte L\u00f6sungen, die exakt zu Ihren Bed\u00fcrfnissen passen.<br> <br>Einfach, transparent und ohne technischen Aufwand f\u00fcr Sie.<\/p>\n<\/div>\n\n\n\n<div class=\"wp-block-column is-layout-flow wp-container-core-column-is-layout-6b73ce23 wp-block-column-is-layout-flow\">\n<figure class=\"wp-block-image size-large\"><img decoding=\"async\" src=\"https:\/\/daten-weitblick.at\/wp-content\/themes\/astra\/inc\/assets\/images\/starter-content\/professional.svg\" alt=\"\" class=\"wp-image-163\"\/><\/figure>\n\n\n\n<h3 class=\"wp-block-heading\" style=\"margin-top:16px\">Professionell<\/h3>\n\n\n\n<p>Verlassen Sie sich auf h\u00f6chste Qualit\u00e4t. Wir entwickeln professionelle Datenanalysen, pr\u00e4zise Auswertungen und moderne Dashboards, die echten Mehrwert schaffen. <br><br>Mit technischem Know-how und einem Auge f\u00fcrs Detail sorgen wir daf\u00fcr, dass Ihre Daten verst\u00e4ndlich, sauber aufbereitet und aussagekr\u00e4ftig visualisiert werden. <\/p>\n<\/div>\n\n\n\n<div class=\"wp-block-column is-layout-flow wp-container-core-column-is-layout-6b73ce23 wp-block-column-is-layout-flow\">\n<figure class=\"wp-block-image size-large\"><img decoding=\"async\" src=\"https:\/\/daten-weitblick.at\/wp-content\/themes\/astra\/inc\/assets\/images\/starter-content\/support.svg\" alt=\"\" class=\"wp-image-164\"\/><\/figure>\n\n\n\n<h3 class=\"wp-block-heading\" style=\"margin-top:16px\">Support<\/h3>\n\n\n\n<p>Wir lassen Sie nicht allein. Ob Anpassungen, neue Anforderungen oder schnelle Probleml\u00f6sungen &#8211; wir bieten zuverl\u00e4ssigen und zeitnahen Support. <br><br>Kurze Wege, unkomplizierte Kommunikation und direkte Hilfe sorgen daf\u00fcr, dass Ihre Systeme und Dashboards jederzeit reibungslos funktionieren.<\/p>\n<\/div>\n<\/div>\n<\/div>\n\n\n\n<div class=\"wp-block-group alignfull has-midnight-gradient-background has-background is-layout-constrained wp-container-core-group-is-layout-cfcca693 wp-block-group-is-layout-constrained\" id=\"kontakt\" style=\"padding-top:104px;padding-bottom:104px\">\n<h2 class=\"wp-block-heading has-text-align-center has-text-color\" style=\"color:#ffffff\">Kontaktieren Sie uns noch heute!<\/h2>\n\n\n\n<div class=\"wp-block-buttons is-content-justification-center is-layout-flex wp-container-core-buttons-is-layout-a89b3969 wp-block-buttons-is-layout-flex\">\n<div class=\"wp-block-button\"><a class=\"wp-block-button__link wp-element-button\" href=\"https:\/\/daten-weitblick.at\/index.php\/kontakt\/\">Kontakt<\/a><\/div>\n<\/div>\n\n\n\n<p><\/p>\n<\/div>\n\n\n\n<p><\/p>\n","protected":false},"excerpt":{"rendered":"<p>Analyse &amp; Insights Wir verwandeln Ihre vorhandenen Daten in klare, fundierte Erkenntnisse. Durch strukturierte Datenaufbereitung, moderne Analysemethoden und pr\u00e4zise Auswertungen [&hellip;]<\/p>\n","protected":false},"author":1,"featured_media":0,"parent":0,"menu_order":0,"comment_status":"closed","ping_status":"closed","template":"","meta":{"site-sidebar-layout":"no-sidebar","site-content-layout":"plain-container","ast-site-content-layout":"default","site-content-style":"default","site-sidebar-style":"default","ast-global-header-display":"","ast-banner-title-visibility":"","ast-main-header-display":"","ast-hfb-above-header-display":"","ast-hfb-below-header-display":"","ast-hfb-mobile-header-display":"","site-post-title":"disabled","ast-breadcrumbs-content":"","ast-featured-img":"","footer-sml-layout":"","theme-transparent-header-meta":"disabled","adv-header-id-meta":"","stick-header-meta":"","header-above-stick-meta":"","header-main-stick-meta":"","header-below-stick-meta":"","astra-migrate-meta-layouts":"default","ast-page-background-enabled":"default","ast-page-background-meta":{"desktop":{"background-color":"var(--ast-global-color-5)","background-image":"","background-repeat":"repeat","background-position":"center center","background-size":"auto","background-attachment":"scroll","background-type":"","background-media":"","overlay-type":"","overlay-color":"","overlay-opacity":"","overlay-gradient":""},"tablet":{"background-color":"","background-image":"","background-repeat":"repeat","background-position":"center center","background-size":"auto","background-attachment":"scroll","background-type":"","background-media":"","overlay-type":"","overlay-color":"","overlay-opacity":"","overlay-gradient":""},"mobile":{"background-color":"","background-image":"","background-repeat":"repeat","background-position":"center center","background-size":"auto","background-attachment":"scroll","background-type":"","background-media":"","overlay-type":"","overlay-color":"","overlay-opacity":"","overlay-gradient":""}},"ast-content-background-meta":{"desktop":{"background-color":"var(--ast-global-color-4)","background-image":"","background-repeat":"repeat","background-position":"center center","background-size":"auto","background-attachment":"scroll","background-type":"","background-media":"","overlay-type":"","overlay-color":"","overlay-opacity":"","overlay-gradient":""},"tablet":{"background-color":"var(--ast-global-color-4)","background-image":"","background-repeat":"repeat","background-position":"center center","background-size":"auto","background-attachment":"scroll","background-type":"","background-media":"","overlay-type":"","overlay-color":"","overlay-opacity":"","overlay-gradient":""},"mobile":{"background-color":"var(--ast-global-color-4)","background-image":"","background-repeat":"repeat","background-position":"center center","background-size":"auto","background-attachment":"scroll","background-type":"","background-media":"","overlay-type":"","overlay-color":"","overlay-opacity":"","overlay-gradient":""}},"footnotes":""},"class_list":["post-13","page","type-page","status-publish","hentry"],"_links":{"self":[{"href":"https:\/\/daten-weitblick.at\/index.php\/wp-json\/wp\/v2\/pages\/13","targetHints":{"allow":["GET"]}}],"collection":[{"href":"https:\/\/daten-weitblick.at\/index.php\/wp-json\/wp\/v2\/pages"}],"about":[{"href":"https:\/\/daten-weitblick.at\/index.php\/wp-json\/wp\/v2\/types\/page"}],"author":[{"embeddable":true,"href":"https:\/\/daten-weitblick.at\/index.php\/wp-json\/wp\/v2\/users\/1"}],"replies":[{"embeddable":true,"href":"https:\/\/daten-weitblick.at\/index.php\/wp-json\/wp\/v2\/comments?post=13"}],"version-history":[{"count":26,"href":"https:\/\/daten-weitblick.at\/index.php\/wp-json\/wp\/v2\/pages\/13\/revisions"}],"predecessor-version":[{"id":140,"href":"https:\/\/daten-weitblick.at\/index.php\/wp-json\/wp\/v2\/pages\/13\/revisions\/140"}],"wp:attachment":[{"href":"https:\/\/daten-weitblick.at\/index.php\/wp-json\/wp\/v2\/media?parent=13"}],"curies":[{"name":"wp","href":"https:\/\/api.w.org\/{rel}","templated":true}]}}